{"id":5849,"date":"2020-08-04T10:28:17","date_gmt":"2020-08-04T13:28:17","guid":{"rendered":"https:\/\/opeeloja.opee.com.br\/?post_type=product&#038;p=5849"},"modified":"2024-02-21T09:11:51","modified_gmt":"2024-02-21T12:11:51","slug":"como-escolher-a-sua-profissao-2020","status":"publish","type":"product","link":"https:\/\/opee.com.br\/lojavirtual\/produto\/como-escolher-a-sua-profissao-2020\/","title":{"rendered":"COMO ESCOLHER A SUA PROFISS\u00c3O (2020)"},"content":{"rendered":"<p>Esta obra se destina a pessoas de diferentes idades que pretendem escolher uma profiss\u00e3o ou repensar sua trajet\u00f3ria profissional rumo a uma vida feliz e com prop\u00f3sito. Este livro serve de base para um trabalho de orienta\u00e7\u00e3o profissional, um processo interativo com 12 atividades que v\u00e3o, passo-a-passo, proporcionar um maior autoconhecimento e um maior repert\u00f3rio sobre as profiss\u00f5es. O leitor vai encontrar ainda: sondagem de interesses, personalidade e estilo de vida; reflex\u00f5es acerca de mitos e preconceitos sobre escolhas, carreiras, futuro e a busca da felicidade. Tamb\u00e9m acompanha um roteiro de entrevista que pode ser utilizado para conversar com profissionais das \u00e1reas e interesse! Com o Guia Pr\u00e1tico voc\u00ea ter\u00e1 a oportunidade de se mapear, para escolher ou direcionar a SUA profiss\u00e3o e construir um futuro como voc\u00ea quer!<\/p>\n","protected":false},"excerpt":{"rendered":"<p><strong>Total de p\u00e1ginas<\/strong>: 333<\/p>\n<p><span class=\"_fw\" data-fw=\"700\"><strong>Como escolher sua profiss\u00e3o<\/strong> <\/span> pode auxiliar o jovem a tomar o futuro nas m\u00e3os e come\u00e7ar a escrever a sua hist\u00f3ria! \u00c9 uma ferramenta para se conhecer melhor, com dicas importantes para fazer uma boa escolha, que lhe permita aproximar-se da melhor vers\u00e3o de si mesmo.<\/p>\n","protected":false},"featured_media":5850,"comment_status":"open","ping_status":"closed","template":"","meta":[],"yoast_head":"<!-- This site is optimized with the Yoast SEO plugin v22.1 - https:\/\/yoast.com\/wordpress\/plugins\/seo\/ -->\n<title>Compre Livro - Como Escolher Sua Profiss\u00e3o (2020) | OPEE - Loja Virtual<\/title>\n<meta name=\"description\" content=\"Este livro serve de base para um trabalho de orienta\u00e7\u00e3o profissional, um processo interativo com 12 atividades. Compre agora com frete gr\u00e1tis!\" \/>\n<meta name=\"robots\" content=\"index, follow, max-snippet:-1, max-image-preview:large, max-video-preview:-1\" \/>\n<link rel=\"canonical\" href=\"https:\/\/opee.com.br\/lojavirtual\/produto\/como-escolher-a-sua-profissao-2020\/\" \/>\n<meta property=\"og:locale\" content=\"pt_BR\" \/>\n<meta property=\"og:type\" content=\"article\" \/>\n<meta property=\"og:title\" content=\"Compre Livro - Como Escolher Sua Profiss\u00e3o (2020) | OPEE - Loja Virtual\" \/>\n<meta property=\"og:description\" content=\"Este livro serve de base para um trabalho de orienta\u00e7\u00e3o profissional, um processo interativo com 12 atividades. Compre agora com frete gr\u00e1tis!\" \/>\n<meta property=\"og:url\" content=\"https:\/\/opee.com.br\/lojavirtual\/produto\/como-escolher-a-sua-profissao-2020\/\" \/>\n<meta property=\"og:site_name\" content=\"OPEE - Loja Virtual\" \/>\n<meta property=\"article:modified_time\" content=\"2024-02-21T12:11:51+00:00\" \/>\n<meta property=\"og:image\" content=\"https:\/\/opee.com.br\/lojavirtual\/wp-content\/uploads\/2020\/08\/GPS.jpg\" \/>\n\t<meta property=\"og:image:width\" content=\"563\" \/>\n\t<meta property=\"og:image:height\" content=\"591\" \/>\n\t<meta property=\"og:image:type\" content=\"image\/jpeg\" \/>\n<meta name=\"twitter:card\" content=\"summary_large_image\" \/>\n<meta name=\"twitter:label1\" content=\"Est. tempo de leitura\" \/>\n\t<meta name=\"twitter:data1\" content=\"1 minuto\" \/>\n<script type=\"application\/ld+json\" class=\"yoast-schema-graph\">{\"@context\":\"https:\/\/schema.org\",\"@graph\":[{\"@type\":\"WebPage\",\"@id\":\"https:\/\/opee.com.br\/lojavirtual\/produto\/como-escolher-a-sua-profissao-2020\/\",\"url\":\"https:\/\/opee.com.br\/lojavirtual\/produto\/como-escolher-a-sua-profissao-2020\/\",\"name\":\"Compre Livro - Como Escolher Sua Profiss\u00e3o (2020) | OPEE - Loja Virtual\",\"isPartOf\":{\"@id\":\"https:\/\/opee.com.br\/lojavirtual\/#website\"},\"datePublished\":\"2020-08-04T13:28:17+00:00\",\"dateModified\":\"2024-02-21T12:11:51+00:00\",\"description\":\"Este livro serve de base para um trabalho de orienta\u00e7\u00e3o profissional, um processo interativo com 12 atividades. Compre agora com frete gr\u00e1tis!\",\"breadcrumb\":{\"@id\":\"https:\/\/opee.com.br\/lojavirtual\/produto\/como-escolher-a-sua-profissao-2020\/#breadcrumb\"},\"inLanguage\":\"pt-BR\",\"potentialAction\":[{\"@type\":\"ReadAction\",\"target\":[\"https:\/\/opee.com.br\/lojavirtual\/produto\/como-escolher-a-sua-profissao-2020\/\"]}]},{\"@type\":\"BreadcrumbList\",\"@id\":\"https:\/\/opee.com.br\/lojavirtual\/produto\/como-escolher-a-sua-profissao-2020\/#breadcrumb\",\"itemListElement\":[{\"@type\":\"ListItem\",\"position\":1,\"name\":\"In\u00edcio\",\"item\":\"https:\/\/opee.com.br\/lojavirtual\/\"},{\"@type\":\"ListItem\",\"position\":2,\"name\":\"Loja\",\"item\":\"https:\/\/opee.com.br\/lojavirtual\/\"},{\"@type\":\"ListItem\",\"position\":3,\"name\":\"COMO ESCOLHER A SUA PROFISS\u00c3O (2020)\"}]},{\"@type\":\"WebSite\",\"@id\":\"https:\/\/opee.com.br\/lojavirtual\/#website\",\"url\":\"https:\/\/opee.com.br\/lojavirtual\/\",\"name\":\"OPEE - Loja Virtual\",\"description\":\"Como Escolher Sua Profiss\u00e3o\",\"publisher\":{\"@id\":\"https:\/\/opee.com.br\/lojavirtual\/#organization\"},\"potentialAction\":[{\"@type\":\"SearchAction\",\"target\":{\"@type\":\"EntryPoint\",\"urlTemplate\":\"https:\/\/opee.com.br\/lojavirtual\/?s={search_term_string}\"},\"query-input\":\"required name=search_term_string\"}],\"inLanguage\":\"pt-BR\"},{\"@type\":\"Organization\",\"@id\":\"https:\/\/opee.com.br\/lojavirtual\/#organization\",\"name\":\"OPEE - Loja Virtual\",\"url\":\"https:\/\/opee.com.br\/lojavirtual\/\",\"logo\":{\"@type\":\"ImageObject\",\"inLanguage\":\"pt-BR\",\"@id\":\"https:\/\/opee.com.br\/lojavirtual\/#\/schema\/logo\/image\/\",\"url\":\"https:\/\/opee.com.br\/lojavirtual\/wp-content\/uploads\/2022\/05\/educa-loja-1.jpg\",\"contentUrl\":\"https:\/\/opee.com.br\/lojavirtual\/wp-content\/uploads\/2022\/05\/educa-loja-1.jpg\",\"width\":300,\"height\":124,\"caption\":\"OPEE - Loja Virtual\"},\"image\":{\"@id\":\"https:\/\/opee.com.br\/lojavirtual\/#\/schema\/logo\/image\/\"}}]}<\/script>\n<!-- \/ Yoast SEO plugin. -->","yoast_head_json":{"title":"Compre Livro - Como Escolher Sua Profiss\u00e3o (2020) | OPEE - Loja Virtual","description":"Este livro serve de base para um trabalho de orienta\u00e7\u00e3o profissional, um processo interativo com 12 atividades. Compre agora com frete gr\u00e1tis!","robots":{"index":"index","follow":"follow","max-snippet":"max-snippet:-1","max-image-preview":"max-image-preview:large","max-video-preview":"max-video-preview:-1"},"canonical":"https:\/\/opee.com.br\/lojavirtual\/produto\/como-escolher-a-sua-profissao-2020\/","og_locale":"pt_BR","og_type":"article","og_title":"Compre Livro - Como Escolher Sua Profiss\u00e3o (2020) | OPEE - Loja Virtual","og_description":"Este livro serve de base para um trabalho de orienta\u00e7\u00e3o profissional, um processo interativo com 12 atividades. Compre agora com frete gr\u00e1tis!","og_url":"https:\/\/opee.com.br\/lojavirtual\/produto\/como-escolher-a-sua-profissao-2020\/","og_site_name":"OPEE - Loja Virtual","article_modified_time":"2024-02-21T12:11:51+00:00","og_image":[{"width":563,"height":591,"url":"https:\/\/opee.com.br\/lojavirtual\/wp-content\/uploads\/2020\/08\/GPS.jpg","type":"image\/jpeg"}],"twitter_card":"summary_large_image","twitter_misc":{"Est. tempo de leitura":"1 minuto"},"schema":{"@context":"https:\/\/schema.org","@graph":[{"@type":"WebPage","@id":"https:\/\/opee.com.br\/lojavirtual\/produto\/como-escolher-a-sua-profissao-2020\/","url":"https:\/\/opee.com.br\/lojavirtual\/produto\/como-escolher-a-sua-profissao-2020\/","name":"Compre Livro - Como Escolher Sua Profiss\u00e3o (2020) | OPEE - Loja Virtual","isPartOf":{"@id":"https:\/\/opee.com.br\/lojavirtual\/#website"},"datePublished":"2020-08-04T13:28:17+00:00","dateModified":"2024-02-21T12:11:51+00:00","description":"Este livro serve de base para um trabalho de orienta\u00e7\u00e3o profissional, um processo interativo com 12 atividades. Compre agora com frete gr\u00e1tis!","breadcrumb":{"@id":"https:\/\/opee.com.br\/lojavirtual\/produto\/como-escolher-a-sua-profissao-2020\/#breadcrumb"},"inLanguage":"pt-BR","potentialAction":[{"@type":"ReadAction","target":["https:\/\/opee.com.br\/lojavirtual\/produto\/como-escolher-a-sua-profissao-2020\/"]}]},{"@type":"BreadcrumbList","@id":"https:\/\/opee.com.br\/lojavirtual\/produto\/como-escolher-a-sua-profissao-2020\/#breadcrumb","itemListElement":[{"@type":"ListItem","position":1,"name":"In\u00edcio","item":"https:\/\/opee.com.br\/lojavirtual\/"},{"@type":"ListItem","position":2,"name":"Loja","item":"https:\/\/opee.com.br\/lojavirtual\/"},{"@type":"ListItem","position":3,"name":"COMO ESCOLHER A SUA PROFISS\u00c3O (2020)"}]},{"@type":"WebSite","@id":"https:\/\/opee.com.br\/lojavirtual\/#website","url":"https:\/\/opee.com.br\/lojavirtual\/","name":"OPEE - Loja Virtual","description":"Como Escolher Sua Profiss\u00e3o","publisher":{"@id":"https:\/\/opee.com.br\/lojavirtual\/#organization"},"potentialAction":[{"@type":"SearchAction","target":{"@type":"EntryPoint","urlTemplate":"https:\/\/opee.com.br\/lojavirtual\/?s={search_term_string}"},"query-input":"required name=search_term_string"}],"inLanguage":"pt-BR"},{"@type":"Organization","@id":"https:\/\/opee.com.br\/lojavirtual\/#organization","name":"OPEE - Loja Virtual","url":"https:\/\/opee.com.br\/lojavirtual\/","logo":{"@type":"ImageObject","inLanguage":"pt-BR","@id":"https:\/\/opee.com.br\/lojavirtual\/#\/schema\/logo\/image\/","url":"https:\/\/opee.com.br\/lojavirtual\/wp-content\/uploads\/2022\/05\/educa-loja-1.jpg","contentUrl":"https:\/\/opee.com.br\/lojavirtual\/wp-content\/uploads\/2022\/05\/educa-loja-1.jpg","width":300,"height":124,"caption":"OPEE - Loja Virtual"},"image":{"@id":"https:\/\/opee.com.br\/lojavirtual\/#\/schema\/logo\/image\/"}}]}},"_links":{"self":[{"href":"https:\/\/opee.com.br\/lojavirtual\/wp-json\/wp\/v2\/product\/5849"}],"collection":[{"href":"https:\/\/opee.com.br\/lojavirtual\/wp-json\/wp\/v2\/product"}],"about":[{"href":"https:\/\/opee.com.br\/lojavirtual\/wp-json\/wp\/v2\/types\/product"}],"replies":[{"embeddable":true,"href":"https:\/\/opee.com.br\/lojavirtual\/wp-json\/wp\/v2\/comments?post=5849"}],"wp:featuredmedia":[{"embeddable":true,"href":"https:\/\/opee.com.br\/lojavirtual\/wp-json\/wp\/v2\/media\/5850"}],"wp:attachment":[{"href":"https:\/\/opee.com.br\/lojavirtual\/wp-json\/wp\/v2\/media?parent=5849"}],"curies":[{"name":"wp","href":"https:\/\/api.w.org\/{rel}","templated":true}]}}